{"id":11897,"date":"2025-04-09T12:40:18","date_gmt":"2025-04-09T11:40:18","guid":{"rendered":"http:\/\/keymailer.co\/?page_id=11897"},"modified":"2025-10-28T13:56:57","modified_gmt":"2025-10-28T13:56:57","slug":"security-mode","status":"publish","type":"page","link":"https:\/\/keymailer.co\/de\/security-mode\/","title":{"rendered":"Sicherheitsmodus"},"content":{"rendered":"<div data-elementor-type=\"wp-page\" data-elementor-id=\"11897\" class=\"elementor elementor-11897\" data-elementor-settings=\"{&quot;ha_cmc_init_switcher&quot;:&quot;no&quot;}\" data-elementor-post-type=\"page\">\n\t\t\t\t<div class=\"elementor-element elementor-element-29907f8 e-flex e-con-boxed wpr-particle-no wpr-jarallax-no wpr-parallax-no wpr-sticky-section-no e-con e-parent\" data-id=\"29907f8\" data-element_type=\"container\" data-e-type=\"container\" data-settings=\"{&quot;background_background&quot;:&quot;classic&quot;,&quot;_ha_eqh_enable&quot;:false}\">\n\t\t\t\t\t<div class=\"e-con-inner\">\n\t\t<div class=\"elementor-element elementor-element-31f571f e-con-full e-flex wpr-particle-no wpr-jarallax-no wpr-parallax-no wpr-sticky-section-no e-con e-child\" data-id=\"31f571f\" data-element_type=\"container\" data-e-type=\"container\" data-settings=\"{&quot;_ha_eqh_enable&quot;:false}\">\n\t\t<div class=\"elementor-element elementor-element-ec6fba3 e-con-full cast-glass-effect e-flex wpr-particle-no wpr-jarallax-no wpr-parallax-no wpr-sticky-section-no e-con e-child\" data-id=\"ec6fba3\" data-element_type=\"container\" data-e-type=\"container\" data-settings=\"{&quot;background_background&quot;:&quot;classic&quot;,&quot;_ha_eqh_enable&quot;:false}\">\n\t\t\t\t<div class=\"elementor-element elementor-element-40c7690 exad-sticky-section-no exad-glass-effect-no elementor-widget elementor-widget-heading\" data-id=\"40c7690\" data-element_type=\"widget\" data-e-type=\"widget\" data-widget_type=\"heading.default\">\n\t\t\t\t<div class=\"elementor-widget-container\">\n\t\t\t\t\t<h1 class=\"elementor-heading-title elementor-size-default\">\u00dcber den Erh\u00f6hten Sicherheitsmodus<\/h1>\t\t\t\t<\/div>\n\t\t\t\t<\/div>\n\t\t\t\t<div class=\"elementor-element elementor-element-f40db0b white-link exad-sticky-section-no exad-glass-effect-no elementor-widget elementor-widget-text-editor\" data-id=\"f40db0b\" data-element_type=\"widget\" data-e-type=\"widget\" data-widget_type=\"text-editor.default\">\n\t\t\t\t<div class=\"elementor-widget-container\">\n\t\t\t\t\t\t\t\t\t<p>Der Keymailer arbeitet je nach aktueller Bedrohungslage mit unterschiedlichen Sicherheitsstufen.<\/p><p>Wie viele popul\u00e4re Websites ist auch Keymailer st\u00e4ndigen Untersuchungen und Angriffen ausgesetzt. Wir verfolgen und messen die Intensit\u00e4t der Angriffe in Echtzeit und passen den Bedrohungsstatus an, mit dem die Website arbeitet.<\/p><p>Wir geben nicht alle Einzelheiten der Bedingungen bekannt, die zu \u00c4nderungen des Bedrohungsstatus f\u00fchren, da wir sonst Informationen preisgeben w\u00fcrden, die f\u00fcr potenzielle Angreifer hilfreich sind.<\/p><p>Der erh\u00f6hte Sicherheitsmodus ist der erste Bedrohungsstatus \u00fcber dem normalen Sicherheitsmodus und passt die Funktionsweise einiger Aktionen an, wie z. B. die R\u00fccknahme von Schl\u00fcsseln, und schr\u00e4nkt andere Aktionen wie E-Mail-\u00c4nderungen ein.<\/p><p><a href=\"http:\/\/keymailer.co\/terms-and-conditions-gamer-access\/\"><b><u>Bedingungen und Konditionen<\/u><\/b><\/a><\/p><p><a href=\"http:\/\/keymailer.co\/privacy-policy-gamer-access\/\"><b><u>Datenschutzbestimmungen<\/u><\/b><\/a><\/p>\t\t\t\t\t\t\t\t<\/div>\n\t\t\t\t<\/div>\n\t\t\t\t<\/div>\n\t\t\t\t<\/div>\n\t\t\t\t\t<\/div>\n\t\t\t\t<\/div>\n\t\t\t\t<\/div>","protected":false},"excerpt":{"rendered":"<p>\u00dcber den erh\u00f6hten Sicherheitsmodus Keymailer arbeitet je nach der aktuellen Bedrohungslage mit verschiedenen Sicherheitsstufen. Wie viele popul\u00e4re Websites ist auch Keymailer Gegenstand st\u00e4ndiger Sondierungen und Angriffe. Wir verfolgen und messen die Intensit\u00e4t der Angriffe in Echtzeit und passen den Bedrohungsstatus an, auf dem die Website betrieben wird. Wir geben nicht alle Einzelheiten der Bedingungen bekannt, die zu \u00c4nderungen des Bedrohungsstatus f\u00fchren, da wir sonst Informationen preisgeben w\u00fcrden, die f\u00fcr potenzielle Angreifer hilfreich sind. Der erh\u00f6hte Sicherheitsmodus ist der erste Bedrohungsstatus \u00fcber dem normalen Sicherheitsmodus und passt die Funktionsweise einiger Aktionen an, wie z. B. die Einl\u00f6sung von Schl\u00fcsseln, und schr\u00e4nkt andere Aktionen ein, wie z. B. den E-Mail-Wechsel. Allgemeine Gesch\u00e4ftsbedingungen Datenschutzrichtlinie<\/p>","protected":false},"author":35,"featured_media":0,"parent":0,"menu_order":0,"comment_status":"closed","ping_status":"closed","template":"","meta":{"ocean_post_layout":"","ocean_both_sidebars_style":"","ocean_both_sidebars_content_width":0,"ocean_both_sidebars_sidebars_width":0,"ocean_sidebar":"","ocean_second_sidebar":"","ocean_disable_margins":"enable","ocean_add_body_class":"","ocean_shortcode_before_top_bar":"","ocean_shortcode_after_top_bar":"","ocean_shortcode_before_header":"","ocean_shortcode_after_header":"","ocean_has_shortcode":"","ocean_shortcode_after_title":"","ocean_shortcode_before_footer_widgets":"","ocean_shortcode_after_footer_widgets":"","ocean_shortcode_before_footer_bottom":"","ocean_shortcode_after_footer_bottom":"","ocean_display_top_bar":"default","ocean_display_header":"default","ocean_header_style":"","ocean_center_header_left_menu":"","ocean_custom_header_template":"","ocean_custom_logo":0,"ocean_custom_retina_logo":0,"ocean_custom_logo_max_width":0,"ocean_custom_logo_tablet_max_width":0,"ocean_custom_logo_mobile_max_width":0,"ocean_custom_logo_max_height":0,"ocean_custom_logo_tablet_max_height":0,"ocean_custom_logo_mobile_max_height":0,"ocean_header_custom_menu":"","ocean_menu_typo_font_family":"","ocean_menu_typo_font_subset":"","ocean_menu_typo_font_size":0,"ocean_menu_typo_font_size_tablet":0,"ocean_menu_typo_font_size_mobile":0,"ocean_menu_typo_font_size_unit":"px","ocean_menu_typo_font_weight":"","ocean_menu_typo_font_weight_tablet":"","ocean_menu_typo_font_weight_mobile":"","ocean_menu_typo_transform":"","ocean_menu_typo_transform_tablet":"","ocean_menu_typo_transform_mobile":"","ocean_menu_typo_line_height":0,"ocean_menu_typo_line_height_tablet":0,"ocean_menu_typo_line_height_mobile":0,"ocean_menu_typo_line_height_unit":"","ocean_menu_typo_spacing":0,"ocean_menu_typo_spacing_tablet":0,"ocean_menu_typo_spacing_mobile":0,"ocean_menu_typo_spacing_unit":"","ocean_menu_link_color":"","ocean_menu_link_color_hover":"","ocean_menu_link_color_active":"","ocean_menu_link_background":"","ocean_menu_link_hover_background":"","ocean_menu_link_active_background":"","ocean_menu_social_links_bg":"","ocean_menu_social_hover_links_bg":"","ocean_menu_social_links_color":"","ocean_menu_social_hover_links_color":"","ocean_disable_title":"default","ocean_disable_heading":"default","ocean_post_title":"","ocean_post_subheading":"","ocean_post_title_style":"","ocean_post_title_background_color":"","ocean_post_title_background":0,"ocean_post_title_bg_image_position":"","ocean_post_title_bg_image_attachment":"","ocean_post_title_bg_image_repeat":"","ocean_post_title_bg_image_size":"","ocean_post_title_height":0,"ocean_post_title_bg_overlay":0.5,"ocean_post_title_bg_overlay_color":"","ocean_disable_breadcrumbs":"default","ocean_breadcrumbs_color":"","ocean_breadcrumbs_separator_color":"","ocean_breadcrumbs_links_color":"","ocean_breadcrumbs_links_hover_color":"","ocean_display_footer_widgets":"default","ocean_display_footer_bottom":"default","ocean_custom_footer_template":"","footnotes":""},"class_list":["post-11897","page","type-page","status-publish","hentry","entry"],"_links":{"self":[{"href":"https:\/\/keymailer.co\/de\/wp-json\/wp\/v2\/pages\/11897","targetHints":{"allow":["GET"]}}],"collection":[{"href":"https:\/\/keymailer.co\/de\/wp-json\/wp\/v2\/pages"}],"about":[{"href":"https:\/\/keymailer.co\/de\/wp-json\/wp\/v2\/types\/page"}],"author":[{"embeddable":true,"href":"https:\/\/keymailer.co\/de\/wp-json\/wp\/v2\/users\/35"}],"replies":[{"embeddable":true,"href":"https:\/\/keymailer.co\/de\/wp-json\/wp\/v2\/comments?post=11897"}],"version-history":[{"count":17,"href":"https:\/\/keymailer.co\/de\/wp-json\/wp\/v2\/pages\/11897\/revisions"}],"predecessor-version":[{"id":14281,"href":"https:\/\/keymailer.co\/de\/wp-json\/wp\/v2\/pages\/11897\/revisions\/14281"}],"wp:attachment":[{"href":"https:\/\/keymailer.co\/de\/wp-json\/wp\/v2\/media?parent=11897"}],"curies":[{"name":"wp","href":"https:\/\/api.w.org\/{rel}","templated":true}]}}