{"id":12309,"date":"2025-05-15T16:06:27","date_gmt":"2025-05-15T15:06:27","guid":{"rendered":"http:\/\/keymailer.co\/?page_id=12309"},"modified":"2025-10-28T13:22:31","modified_gmt":"2025-10-28T13:22:31","slug":"cookies","status":"publish","type":"page","link":"https:\/\/keymailer.co\/de\/cookies\/","title":{"rendered":"Cookies"},"content":{"rendered":"<div data-elementor-type=\"wp-page\" data-elementor-id=\"12309\" class=\"elementor elementor-12309\" data-elementor-settings=\"{&quot;ha_cmc_init_switcher&quot;:&quot;no&quot;}\" data-elementor-post-type=\"page\">\n\t\t\t\t<div class=\"elementor-element elementor-element-29907f8 e-flex e-con-boxed wpr-particle-no wpr-jarallax-no wpr-parallax-no wpr-sticky-section-no e-con e-parent\" data-id=\"29907f8\" data-element_type=\"container\" data-e-type=\"container\" data-settings=\"{&quot;background_background&quot;:&quot;classic&quot;,&quot;_ha_eqh_enable&quot;:false}\">\n\t\t\t\t\t<div class=\"e-con-inner\">\n\t\t<div class=\"elementor-element elementor-element-31f571f e-con-full e-flex wpr-particle-no wpr-jarallax-no wpr-parallax-no wpr-sticky-section-no e-con e-child\" data-id=\"31f571f\" data-element_type=\"container\" data-e-type=\"container\" data-settings=\"{&quot;_ha_eqh_enable&quot;:false}\">\n\t\t<div class=\"elementor-element elementor-element-ec6fba3 e-con-full cast-glass-effect e-flex wpr-particle-no wpr-jarallax-no wpr-parallax-no wpr-sticky-section-no e-con e-child\" data-id=\"ec6fba3\" data-element_type=\"container\" data-e-type=\"container\" data-settings=\"{&quot;background_background&quot;:&quot;classic&quot;,&quot;_ha_eqh_enable&quot;:false}\">\n\t\t\t\t<div class=\"elementor-element elementor-element-f40db0b white-link exad-sticky-section-no exad-glass-effect-no elementor-widget elementor-widget-text-editor\" data-id=\"f40db0b\" data-element_type=\"widget\" data-e-type=\"widget\" id=\"terms-publisher\" data-widget_type=\"text-editor.default\">\n\t\t\t\t<div class=\"elementor-widget-container\">\n\t\t\t\t\t\t\t\t\t<h1>COOKIES<\/h1>\nCookies sind kleine Textdateien, die auf Ihren Computer, Ihr Tablet oder Ihr Mobiltelefon heruntergeladen werden, wenn Sie eine Website oder Anwendung besuchen. Die Website oder Anwendung kann diese Cookies bei jedem Besuch von Ihrem Webbrowser (z. B. Internet Explorer, Mozilla Firefox oder Google Chrome) abrufen, um Sie zu erkennen, sich an Ihre Pr\u00e4ferenzen zu erinnern und Ihnen ein sichereres Online-Erlebnis zu bieten.\n\nIm Allgemeinen sind Cookies sehr n\u00fctzlich und werden von fast allen Websites, die Sie besuchen, verwendet, da sie dazu beitragen, Ihr Online-Erlebnis so reibungslos wie m\u00f6glich zu gestalten. Aus Sicherheitsgr\u00fcnden funktionieren viele Websites ohne den Einsatz von Cookies (oder anderen \u00e4hnlichen Technologien wie \"Web Beacons\" oder \"Tags\") \u00fcberhaupt nicht.\n\nCookies enthalten in der Regel keine Informationen zur Identifizierung einer einzelnen Person, sondern werden zur Identifizierung eines Browsers auf einem einzelnen Rechner verwendet.\n\nWenn Sie es vorziehen, k\u00f6nnen Sie die Verwendung von Cookies einschr\u00e4nken, blockieren oder l\u00f6schen, indem Sie die Einstellungen Ihres Browsers \u00e4ndern; dies kann jedoch dazu f\u00fchren, dass die Website nicht mehr ordnungsgem\u00e4\u00df funktioniert.\n\nWeitere Informationen \u00fcber Cookies und ihre Auswirkungen auf Sie und Ihr Surfverhalten finden Sie unter\u00a0<span style=\"text-decoration: underline\"><strong><a href=\"http:\/\/keymailer.co\/www.aboutcookies.org\">http:\/\/www.aboutcookies.org<\/a><\/strong><\/span>.\n<h2>ARTEN VON COOKIES<\/h2>\n<h4>NOTWENDIGE COOKIES<\/h4>\nDiese Cookies sind unerl\u00e4sslich, damit Sie die Funktionen und Dienste, die wir auf der Keymailer-Website anbieten, nutzen k\u00f6nnen. Ohne diese Cookies k\u00f6nnen die Dienste, die Sie nutzen m\u00f6chten, nicht bereitgestellt werden. Diese Cookies sammeln keine Informationen \u00fcber Sie, die zu Ihrer Identifizierung verwendet werden k\u00f6nnten, und sie \u00fcberwachen oder speichern nicht, wo Sie im Internet gewesen sind.\n<h4>FUNKTIONALE COOKIES<\/h4>\nDiese Cookies erm\u00f6glichen es uns, Ihnen ein besseres Online-Erlebnis zu bieten, wenn Sie unsere Website nutzen. Sie sammeln oder speichern keine Informationen, die es uns erm\u00f6glichen w\u00fcrden, Sie pers\u00f6nlich zu identifizieren.\n<h4>PERFORMANCE-COOKIES<\/h4>\nPerformance-Cookies helfen uns zu verstehen, wie unsere Kunden unsere Website nutzen, damit wir unsere Produkte und Dienstleistungen relevant, benutzerfreundlich und auf dem neuesten Stand halten k\u00f6nnen. So k\u00f6nnen wir beispielsweise sehen, welche Produkte und Dienstleistungen am beliebtesten sind, feststellen, wann und wo Fehler auftreten, und verschiedene Versionen einer Seite testen, um das Online-Erlebnis zu verbessern.\n\nManchmal werden die Dienste, die wir zur Erfassung dieser Informationen nutzen, von anderen Unternehmen in unserem Namen betrieben. Diese k\u00f6nnen \u00e4hnliche Technologien wie Cookies verwenden, die als \"Web Beacons\" oder \"Tags\" bekannt sind. Diese sind anonym und da sie nur zu statistischen Zwecken verwendet werden, enthalten oder sammeln sie keine Informationen, die Sie identifizieren.\n<h4>TARGETING-COOKIES<\/h4>\nWir unterhalten Beziehungen zu sorgf\u00e4ltig ausgew\u00e4hlten und \u00fcberwachten Lieferanten (Dritten), die w\u00e4hrend Ihres Besuchs ebenfalls Cookies setzen k\u00f6nnen. Der Zweck dieser Cookies ist \"verhaltensbasierte Werbung\" (auch bekannt als \"Behavioural Targeting\" oder \"Remarketing\"), ein Mittel, um Ihnen relevante Produkte und Dienstleistungen auf der Grundlage Ihrer Interessen zu zeigen. Obwohl diese Cookies Ihre Besuche im Internet verfolgen k\u00f6nnen, wissen sie nicht, wer Sie sind. Ohne diese Cookies ist die Online-Werbung, die Ihnen angezeigt wird, weniger relevant f\u00fcr Sie und Ihre Interessen.\n<h2>VERWALTUNG VON COOKIES<\/h2>\nDie meisten Internetbrowser erm\u00f6glichen es Ihnen, Cookies von der Festplatte Ihres Computers zu l\u00f6schen, alle Cookies (oder nur die von Drittanbietern) zu blockieren oder Sie zu warnen, bevor ein Cookie auf Ihrem Ger\u00e4t gespeichert wird.\n\nBitte beachten Sie, dass, wenn Sie alle Cookies blockieren, unsere Website nicht wie beabsichtigt funktioniert und Sie viele der von uns angebotenen Dienste nicht nutzen oder aufrufen k\u00f6nnen. Wenn Sie alle Cookies blockiert haben und die von uns angebotenen Funktionen und Dienste in vollem Umfang nutzen m\u00f6chten, m\u00fcssen Sie Ihre Cookies aktivieren. Sie k\u00f6nnen dies in Ihrem Browser tun (siehe unten).\n\nAnstatt alle Cookies zu blockieren, k\u00f6nnen Sie auch nur die Cookies von Drittanbietern blockieren, damit unsere Website weiterhin wie vorgesehen funktioniert.\n<h4>WIE SIE COOKIES AUF IHREM PC VERWALTEN K\u00d6NNEN<\/h4>\nUm Cookies auf unserer Website zu aktivieren, folgen Sie bitte den nachstehenden Schritten.\n<h5>GOOGLE CHROME<\/h5>\n<ol>\n \t<li>Klicken Sie oben in Ihrem Browser auf \"Extras\" und w\u00e4hlen Sie \"Einstellungen\".<\/li>\n \t<li>Klicken Sie auf \"Erweiterte Einstellungen anzeigen\", scrollen Sie nach unten zum Abschnitt \"Datenschutz\" und klicken Sie auf \"Inhaltseinstellungen\".<\/li>\n \t<li>W\u00e4hlen Sie die Option \"Speicherung lokaler Daten zulassen\". Um nur Cookies von Erstanbietern zuzulassen, aktivieren Sie das K\u00e4stchen neben \"Alle Cookies von Drittanbietern ohne Ausnahme blockieren\".<\/li>\n<\/ol>\n<h5>MICROSOFT INTERNET EXPLORER 6.0, 7.0, 8.0, 9.0<\/h5>\n<ol>\n \t<li>Klicken Sie oben in Ihrem Browser auf \"Extras\", w\u00e4hlen Sie \"Internetoptionen\" und klicken Sie dann auf die Registerkarte \"Datenschutz\".<\/li>\n \t<li>Vergewissern Sie sich, dass die Datenschutzstufe auf Mittel oder niedriger eingestellt ist, was die Verwendung von Cookies in Ihrem Browser erlaubt.<\/li>\n \t<li>Wenn die Einstellung \u00fcber der mittleren Stufe liegt, wird die Verwendung von Cookies verhindert.<\/li>\n<\/ol>\n<h5>MOZILLA FIREFOX<\/h5>\n<ol>\n \t<li>Klicken Sie oben in Ihrem Browser auf \"Extras\" und w\u00e4hlen Sie \"Optionen\".<\/li>\n \t<li>W\u00e4hlen Sie dann das Symbol \"Datenschutz\".<\/li>\n \t<li>Klicken Sie auf \"Cookies\" und w\u00e4hlen Sie \"Seiten erlauben, ein Cookie zu erstellen\".<\/li>\n<\/ol>\n<h5>SAFARI<\/h5>\n<ol>\n \t<li>Klicken Sie auf das Zahnradsymbol oben in Ihrem Browser und w\u00e4hlen Sie \"Einstellungen\".<\/li>\n \t<li>Klicken Sie auf die Registerkarte \"Datenschutz\" und w\u00e4hlen Sie dann die Option \"Verwendung von Cookies durch Dritte und Werbecookies deaktivieren\".<\/li>\n \t<li>Klicken Sie auf \"Speichern\".<\/li>\n<\/ol>\n<h4>WIE MAN COOKIES AUF DEM MAC VERWALTET<\/h4>\nUm Cookies auf unserer Website zu aktivieren, folgen Sie bitte den nachstehenden Schritten.\n<h5>MICROSOFT INTERNET EXPLORER 5.0 UNTER OSX<\/h5>\n<ol>\n \t<li>Klicken Sie oben in Ihrem Browser auf \"Explorer\" und w\u00e4hlen Sie \"Einstellungen\".<\/li>\n \t<li>Bl\u00e4ttern Sie zum Abschnitt \"Cookies\" in den \"Empfangenen Dateien\".<\/li>\n \t<li>W\u00e4hlen Sie \"Nicht fragen\".<\/li>\n<\/ol>\n<h5>SAFARI AUF OSX<\/h5>\n<ol>\n \t<li>Klicken Sie oben in Ihrem Browser auf \"Safari\" und w\u00e4hlen Sie \"Einstellungen\".<\/li>\n \t<li>Klicken Sie auf \"Datenschutz\" und dann auf \"Cookies zulassen\".<\/li>\n \t<li>W\u00e4hlen Sie \"nur die Seiten, die Sie besucht haben\".<\/li>\n<\/ol>\n<h5>MOZILLA UND NETSCAPE AUF OSX<\/h5>\n<ol>\n \t<li>Klicken Sie oben in Ihrem Browser auf \"Mozilla\" oder \"Netscape\" und w\u00e4hlen Sie \"Einstellungen\".<\/li>\n \t<li>Bl\u00e4ttern Sie unter \"Datenschutz und Sicherheit\" nach unten zu \"Cookies\".<\/li>\n \t<li>W\u00e4hlen Sie \"Cookies nur f\u00fcr die Originalseite zulassen\".<\/li>\n<\/ol>\n<h5>OPERA<\/h5>\n<ol>\n \t<li>Klicken Sie oben in Ihrem Browser auf \"Men\u00fc\" und w\u00e4hlen Sie \"Einstellungen\".<\/li>\n \t<li>W\u00e4hlen Sie dann die Registerkarte \"Optionen\" und die Option \"Erweitert\".<\/li>\n \t<li>W\u00e4hlen Sie \"Cookies zulassen\".<\/li>\n<\/ol>\t\t\t\t\t\t\t\t<\/div>\n\t\t\t\t<\/div>\n\t\t\t\t<\/div>\n\t\t\t\t<\/div>\n\t\t\t\t\t<\/div>\n\t\t\t\t<\/div>\n\t\t\t\t<\/div>","protected":false},"excerpt":{"rendered":"<p>COOKIES Cookies sind kleine Textdateien, die auf Ihren Computer, Ihr Tablet oder Ihr Mobiltelefon heruntergeladen werden, wenn Sie eine Website oder Anwendung besuchen. Die Website oder Anwendung kann diese Cookies bei jedem Besuch von Ihrem Webbrowser (z. B. Internet Explorer, Mozilla Firefox oder Google Chrome) abrufen, um Sie zu erkennen, sich an Ihre Pr\u00e4ferenzen zu erinnern und Ihnen ein sichereres Online-Erlebnis zu bieten. Im Allgemeinen sind Cookies sehr n\u00fctzlich und werden von fast allen Websites, die Sie besuchen, verwendet, da sie dazu beitragen, Ihr Online-Erlebnis so reibungslos wie m\u00f6glich zu gestalten. Aus Sicherheitsgr\u00fcnden funktionieren viele Websites ohne den Einsatz von Cookies (oder anderen \u00e4hnlichen Technologien wie \"Web Beacons\" oder \"Tags\") \u00fcberhaupt nicht. Cookies enthalten in der Regel keine Informationen zur Identifizierung einer einzelnen Person, sondern werden zur Identifizierung eines Browsers auf einem einzelnen Rechner verwendet. Wenn Sie es vorziehen, k\u00f6nnen Sie Cookies einschr\u00e4nken, blockieren oder l\u00f6schen, indem Sie die Einstellungen Ihres Browsers \u00e4ndern. Dies kann jedoch dazu f\u00fchren, dass die Website nicht ordnungsgem\u00e4\u00df funktioniert. Weitere Informationen \u00fcber Cookies und ihre Auswirkungen auf Sie und Ihr Surfverhalten finden Sie unter http:\/\/www.aboutcookies.org. TYPEN VON COOKIES NOTWENDIGE COOKIES Diese Cookies sind unerl\u00e4sslich, um Ihnen die Nutzung der Funktionen und Dienste zu erm\u00f6glichen, die wir auf der Keymailer-Website anbieten. Ohne diese Cookies k\u00f6nnen die Dienste, die Sie nutzen m\u00f6chten, nicht bereitgestellt werden. Diese Cookies sammeln keine Informationen \u00fcber Sie, die zu Ihrer Identifizierung verwendet werden k\u00f6nnten, und sie \u00fcberwachen oder speichern nicht, wo Sie sich im Internet aufgehalten haben. FUNKTIONELLE COOKIES Diese Cookies erm\u00f6glichen es uns, Ihnen ein besseres Online-Erlebnis zu bieten, wenn Sie unsere Website nutzen. Sie sammeln oder speichern keine Informationen, die es uns erm\u00f6glichen w\u00fcrden, Sie pers\u00f6nlich zu identifizieren. PERFORMANCE-COOKIES Performance-Cookies helfen uns zu verstehen, wie unsere Kunden unsere Website nutzen, damit wir unsere Produkte und Dienstleistungen relevant, benutzerfreundlich und auf dem neuesten Stand halten k\u00f6nnen. So k\u00f6nnen wir beispielsweise feststellen, welche Produkte und Dienstleistungen am beliebtesten sind, wann und wo Fehler auftreten und verschiedene Versionen einer Seite testen, um das Online-Erlebnis zu verbessern. Manchmal werden die Dienste, die wir zur Erfassung dieser Informationen nutzen, von anderen Unternehmen in unserem Namen betrieben. Diese k\u00f6nnen \u00e4hnliche Technologien wie Cookies verwenden, die als \"Web Beacons\" oder \"Tags\" bekannt sind. Diese sind anonym und da sie nur zu statistischen Zwecken verwendet werden, enthalten oder sammeln sie keine Informationen, die Sie identifizieren. TARGETING COOKIES Wir arbeiten mit sorgf\u00e4ltig ausgew\u00e4hlten und \u00fcberwachten Lieferanten (Dritten) zusammen, die w\u00e4hrend Ihres Besuchs ebenfalls Cookies setzen k\u00f6nnen. Der Zweck dieser Cookies ist \"verhaltensbasierte Werbung\" (auch bekannt als \"Behavioural Targeting\" oder \"Remarketing\"), ein Mittel, um Ihnen relevante Produkte und Dienstleistungen auf der Grundlage Ihrer Interessen anzuzeigen. Obwohl diese Cookies Ihre Besuche im Internet verfolgen k\u00f6nnen, wissen sie nicht, wer Sie sind. Ohne diese Cookies ist die Online-Werbung, die Ihnen angezeigt wird, weniger relevant f\u00fcr Sie und Ihre Interessen. Die meisten Internet-Browser erm\u00f6glichen es Ihnen, Cookies von der Festplatte Ihres Computers zu l\u00f6schen, alle Cookies (oder nur die von Dritten) zu blockieren oder Sie zu warnen, bevor ein Cookie auf Ihrem Ger\u00e4t gespeichert wird. Bitte beachten Sie, dass, wenn Sie alle Cookies blockieren, unsere Website nicht wie beabsichtigt funktioniert und Sie viele der von uns angebotenen Dienste nicht nutzen oder aufrufen k\u00f6nnen. Wenn Sie alle Cookies blockiert haben und die von uns angebotenen Funktionen und Dienste in vollem Umfang nutzen m\u00f6chten, m\u00fcssen Sie Ihre Cookies aktivieren. Sie k\u00f6nnen dies in Ihrem Browser tun (siehe unten). Anstatt alle Cookies zu blockieren, k\u00f6nnen Sie auch nur die Cookies von Drittanbietern blockieren, damit unsere Website weiterhin wie vorgesehen funktioniert. WIE SIE COOKIES AUF IHREM PC VERWALTEN k\u00f6nnen Um Cookies auf unserer Website zu aktivieren, folgen Sie bitte den nachstehenden Schritten. GOOGLE CHROME Klicken Sie oben in Ihrem Browser auf \"Extras\" und w\u00e4hlen Sie \"Einstellungen\". Klicken Sie auf \"Erweiterte Einstellungen anzeigen\", scrollen Sie nach unten zum Abschnitt \"Datenschutz\" und klicken Sie auf \"Inhaltseinstellungen\". W\u00e4hlen Sie \"Zulassen, dass lokale Daten gesetzt werden\". Um nur Erstanbieter-Cookies zuzulassen, markieren Sie das K\u00e4stchen neben \"Alle Cookies von Drittanbietern ausnahmslos blockieren\" MICROSOFT INTERNET EXPLORER 6.0, 7.0, 8.0, 9.0 Klicken Sie oben in Ihrem Browser auf \"Extras\" und w\u00e4hlen Sie \"Internetoptionen\", dann klicken Sie auf die Registerkarte \"Datenschutz\". Vergewissern Sie sich, dass die Datenschutzstufe auf \"Mittel\" oder niedriger eingestellt ist, was die Verwendung von Cookies in Ihrem Browser erlaubt. Bei einer Einstellung \u00fcber der mittleren Stufe wird die Verwendung von Cookies verhindert. MOZILLA FIREFOX Klicken Sie oben in Ihrem Browser auf \"Extras\" und w\u00e4hlen Sie \"Optionen\". W\u00e4hlen Sie dann das Symbol \"Datenschutz\". Klicken Sie auf \"Cookies\" und w\u00e4hlen Sie \"Seiten erlauben, ein Cookie zu erstellen\". SAFARI Klicken Sie auf das Zahnradsymbol oben in Ihrem Browser und w\u00e4hlen Sie \"Einstellungen\". Klicken Sie auf die Registerkarte \"Datenschutz\" und w\u00e4hlen Sie die Option \"Verwendung von Cookies durch Dritte und Werbecookies deaktivieren\". Klicken Sie auf \"Speichern\". WIE SIE COOKIES AUF IHREM MAC VERWALTEN k\u00f6nnen Um Cookies auf unserer Website zu aktivieren, folgen Sie den nachstehenden Schritten. MICROSOFT INTERNET EXPLORER 5.0 ON OSX Klicken Sie oben in Ihrem Browser auf \"Explorer\" und w\u00e4hlen Sie \"Einstellungen\". Bl\u00e4ttern Sie unter \"Empfangene Dateien\" bis zum Abschnitt \"Cookies\". W\u00e4hlen Sie \"Nicht fragen\". SAFARI ON OSX Klicken Sie oben in Ihrem Browser auf \"Safari\" und w\u00e4hlen Sie \"Einstellungen\". Klicken Sie auf \"Datenschutz\" und dann auf \"Cookies zulassen\". W\u00e4hlen Sie \"nur die Seiten, die Sie besucht haben\". MOZILLA UND NETSCAPE AUF OSX Klicken Sie oben in Ihrem Browser auf \"Mozilla\" oder \"Netscape\" und w\u00e4hlen Sie \"Einstellungen\". Scrollen Sie nach unten zu \"Cookies\" unter \"Datenschutz und Sicherheit\". W\u00e4hlen Sie \"Cookies nur f\u00fcr die Originalseite zulassen\". OPERA Klicken Sie oben in Ihrem Browser auf \"Men\u00fc\" und w\u00e4hlen Sie \"Einstellungen\". W\u00e4hlen Sie dann die Registerkarte \"Optionen\" und die Option \"Erweitert\". W\u00e4hlen Sie \"Cookies zulassen\".<\/p>","protected":false},"author":35,"featured_media":0,"parent":0,"menu_order":0,"comment_status":"closed","ping_status":"closed","template":"","meta":{"ocean_post_layout":"","ocean_both_sidebars_style":"","ocean_both_sidebars_content_width":0,"ocean_both_sidebars_sidebars_width":0,"ocean_sidebar":"","ocean_second_sidebar":"","ocean_disable_margins":"enable","ocean_add_body_class":"","ocean_shortcode_before_top_bar":"","ocean_shortcode_after_top_bar":"","ocean_shortcode_before_header":"","ocean_shortcode_after_header":"","ocean_has_shortcode":"","ocean_shortcode_after_title":"","ocean_shortcode_before_footer_widgets":"","ocean_shortcode_after_footer_widgets":"","ocean_shortcode_before_footer_bottom":"","ocean_shortcode_after_footer_bottom":"","ocean_display_top_bar":"default","ocean_display_header":"default","ocean_header_style":"","ocean_center_header_left_menu":"","ocean_custom_header_template":"","ocean_custom_logo":0,"ocean_custom_retina_logo":0,"ocean_custom_logo_max_width":0,"ocean_custom_logo_tablet_max_width":0,"ocean_custom_logo_mobile_max_width":0,"ocean_custom_logo_max_height":0,"ocean_custom_logo_tablet_max_height":0,"ocean_custom_logo_mobile_max_height":0,"ocean_header_custom_menu":"","ocean_menu_typo_font_family":"","ocean_menu_typo_font_subset":"","ocean_menu_typo_font_size":0,"ocean_menu_typo_font_size_tablet":0,"ocean_menu_typo_font_size_mobile":0,"ocean_menu_typo_font_size_unit":"px","ocean_menu_typo_font_weight":"","ocean_menu_typo_font_weight_tablet":"","ocean_menu_typo_font_weight_mobile":"","ocean_menu_typo_transform":"","ocean_menu_typo_transform_tablet":"","ocean_menu_typo_transform_mobile":"","ocean_menu_typo_line_height":0,"ocean_menu_typo_line_height_tablet":0,"ocean_menu_typo_line_height_mobile":0,"ocean_menu_typo_line_height_unit":"","ocean_menu_typo_spacing":0,"ocean_menu_typo_spacing_tablet":0,"ocean_menu_typo_spacing_mobile":0,"ocean_menu_typo_spacing_unit":"","ocean_menu_link_color":"","ocean_menu_link_color_hover":"","ocean_menu_link_color_active":"","ocean_menu_link_background":"","ocean_menu_link_hover_background":"","ocean_menu_link_active_background":"","ocean_menu_social_links_bg":"","ocean_menu_social_hover_links_bg":"","ocean_menu_social_links_color":"","ocean_menu_social_hover_links_color":"","ocean_disable_title":"default","ocean_disable_heading":"default","ocean_post_title":"","ocean_post_subheading":"","ocean_post_title_style":"","ocean_post_title_background_color":"","ocean_post_title_background":0,"ocean_post_title_bg_image_position":"","ocean_post_title_bg_image_attachment":"","ocean_post_title_bg_image_repeat":"","ocean_post_title_bg_image_size":"","ocean_post_title_height":0,"ocean_post_title_bg_overlay":0.5,"ocean_post_title_bg_overlay_color":"","ocean_disable_breadcrumbs":"default","ocean_breadcrumbs_color":"","ocean_breadcrumbs_separator_color":"","ocean_breadcrumbs_links_color":"","ocean_breadcrumbs_links_hover_color":"","ocean_display_footer_widgets":"default","ocean_display_footer_bottom":"default","ocean_custom_footer_template":"","footnotes":""},"class_list":["post-12309","page","type-page","status-publish","hentry","entry"],"_links":{"self":[{"href":"https:\/\/keymailer.co\/de\/wp-json\/wp\/v2\/pages\/12309","targetHints":{"allow":["GET"]}}],"collection":[{"href":"https:\/\/keymailer.co\/de\/wp-json\/wp\/v2\/pages"}],"about":[{"href":"https:\/\/keymailer.co\/de\/wp-json\/wp\/v2\/types\/page"}],"author":[{"embeddable":true,"href":"https:\/\/keymailer.co\/de\/wp-json\/wp\/v2\/users\/35"}],"replies":[{"embeddable":true,"href":"https:\/\/keymailer.co\/de\/wp-json\/wp\/v2\/comments?post=12309"}],"version-history":[{"count":11,"href":"https:\/\/keymailer.co\/de\/wp-json\/wp\/v2\/pages\/12309\/revisions"}],"predecessor-version":[{"id":14266,"href":"https:\/\/keymailer.co\/de\/wp-json\/wp\/v2\/pages\/12309\/revisions\/14266"}],"wp:attachment":[{"href":"https:\/\/keymailer.co\/de\/wp-json\/wp\/v2\/media?parent=12309"}],"curies":[{"name":"wp","href":"https:\/\/api.w.org\/{rel}","templated":true}]}}